{"id":8,"date":"2023-11-16T12:55:27","date_gmt":"2023-11-16T15:55:27","guid":{"rendered":"https:\/\/doutormatheusvaz.com\/?page_id=8"},"modified":"2024-12-16T19:49:47","modified_gmt":"2024-12-16T22:49:47","slug":"home","status":"publish","type":"page","link":"https:\/\/doutormatheusvaz.com\/","title":{"rendered":"Home"},"content":{"rendered":"\t\t<div data-elementor-type=\"wp-page\" data-elementor-id=\"8\" class=\"elementor elementor-8\">\n\t\t\t\t<div class=\"elementor-element elementor-element-cdf8dd8 e-flex e-con-boxed e-con e-parent\" data-id=\"cdf8dd8\" data-element_type=\"container\" data-settings=\"{&quot;background_background&quot;:&quot;classic&quot;}\">\n\t\t\t\t\t<div class=\"e-con-inner\">\n\t\t<div class=\"elementor-element elementor-element-9c2366e e-con-full e-flex e-con e-child\" data-id=\"9c2366e\" data-element_type=\"container\">\n\t\t<div class=\"elementor-element elementor-element-2469b13 e-con-full e-flex e-con e-child\" data-id=\"2469b13\" data-element_type=\"container\">\n\t\t\t\t<div class=\"elementor-element elementor-element-bbe9c91 elementor-widget elementor-widget-heading\" data-id=\"bbe9c91\" data-element_type=\"widget\" data-widget_type=\"heading.default\">\n\t\t\t\t<div class=\"elementor-widget-container\">\n\t\t\t<h2 class=\"elementor-heading-title elementor-size-default\">Doutor Matheus Vaz<\/h2>\t\t<\/div>\n\t\t\t\t<\/div>\n\t\t\t\t<\/div>\n\t\t<div class=\"elementor-element elementor-element-826e467 e-con-full e-flex e-con e-child\" data-id=\"826e467\" data-element_type=\"container\">\n\t\t\t\t<div class=\"elementor-element elementor-element-3bc0b82 elementor-widget elementor-widget-text-editor\" data-id=\"3bc0b82\" data-element_type=\"widget\" data-widget_type=\"text-editor.default\">\n\t\t\t\t<div class=\"elementor-widget-container\">\n\t\t\t\t\t\t\t<p>CRM-MG: 83448<\/p>\t\t\t\t\t\t<\/div>\n\t\t\t\t<\/div>\n\t\t\t\t<\/div>\n\t\t\t\t<\/div>\n\t\t\t\t\t<\/div>\n\t\t\t\t<\/div>\n\t\t\t\t<section class=\"elementor-section elementor-top-section elementor-element elementor-element-58b64b32 elementor-section-boxed elementor-section-height-default elementor-section-height-default\" data-id=\"58b64b32\" data-element_type=\"section\" data-settings=\"{&quot;background_background&quot;:&quot;classic&quot;}\">\n\t\t\t\t\t\t\t<div class=\"elementor-background-overlay\"><\/div>\n\t\t\t\t\t\t\t<div class=\"elementor-container elementor-column-gap-default\">\n\t\t\t\t\t<div class=\"elementor-column elementor-col-100 elementor-top-column elementor-element elementor-element-3675fc33\" data-id=\"3675fc33\" data-element_type=\"column\">\n\t\t\t<div class=\"elementor-widget-wrap elementor-element-populated\">\n\t\t\t\t\t\t<div class=\"elementor-element elementor-element-3a8c660d elementor-widget elementor-widget-heading\" data-id=\"3a8c660d\" data-element_type=\"widget\" data-settings=\"{&quot;_animation&quot;:&quot;none&quot;}\" data-widget_type=\"heading.default\">\n\t\t\t\t<div class=\"elementor-widget-container\">\n\t\t\t<h2 class=\"elementor-heading-title elementor-size-default\"><strong> Atendimento M\u00e9dico Online para Avalia\u00e7\u00e3o de Transtorno do Espectro Autista (TEA) em Adultos<\/strong><\/h2>\t\t<\/div>\n\t\t\t\t<\/div>\n\t\t\t\t<div class=\"elementor-element elementor-element-212879fc elementor-widget__width-initial elementor-widget-mobile__width-inherit elementor-widget elementor-widget-heading\" data-id=\"212879fc\" data-element_type=\"widget\" data-settings=\"{&quot;_animation&quot;:&quot;none&quot;}\" data-widget_type=\"heading.default\">\n\t\t\t\t<div class=\"elementor-widget-container\">\n\t\t\t<h2 class=\"elementor-heading-title elementor-size-default\">Atendimento humanizado, com foco na avalia\u00e7\u00e3o integral da sua sa\u00fade. <br>Meu objetivo \u00e9 ajud\u00e1-lo a compreender seus sintomas, realizar um diagn\u00f3stico preciso do TEA e emitir o laudo m\u00e9dico.<\/h2>\t\t<\/div>\n\t\t\t\t<\/div>\n\t\t\t\t\t<\/div>\n\t\t<\/div>\n\t\t\t\t\t<\/div>\n\t\t<\/section>\n\t\t<div class=\"elementor-element elementor-element-0a4a2c0 e-flex e-con-boxed e-con e-parent\" data-id=\"0a4a2c0\" data-element_type=\"container\" data-settings=\"{&quot;background_background&quot;:&quot;classic&quot;}\">\n\t\t\t\t\t<div class=\"e-con-inner\">\n\t\t\t\t<div class=\"elementor-element elementor-element-3b9a008 elementor-align-left elementor-mobile-align-center elementor-widget-tablet__width-initial elementor-widget elementor-widget-button\" data-id=\"3b9a008\" data-element_type=\"widget\" data-widget_type=\"button.default\">\n\t\t\t\t<div class=\"elementor-widget-container\">\n\t\t\t\t\t<div class=\"elementor-button-wrapper\">\n\t\t\t<a class=\"elementor-button elementor-button-link elementor-size-md\" href=\"https:\/\/wa.link\/xe637e\">\n\t\t\t\t\t\t<span class=\"elementor-button-content-wrapper\">\n\t\t\t\t\t\t\t\t\t<span class=\"elementor-button-text\">Agende uma Consulta Online<\/span>\n\t\t\t\t\t<\/span>\n\t\t\t\t\t<\/a>\n\t\t<\/div>\n\t\t\t\t<\/div>\n\t\t\t\t<\/div>\n\t\t\t\t\t<\/div>\n\t\t\t\t<\/div>\n\t\t<div class=\"elementor-element elementor-element-4a43a4f e-flex e-con-boxed e-con e-parent\" data-id=\"4a43a4f\" data-element_type=\"container\" data-settings=\"{&quot;background_background&quot;:&quot;classic&quot;}\">\n\t\t\t\t\t<div class=\"e-con-inner\">\n\t\t<div class=\"elementor-element elementor-element-727e935 e-con-full e-flex e-con e-child\" data-id=\"727e935\" data-element_type=\"container\">\n\t\t\t\t<div class=\"elementor-element elementor-element-3df2209 elementor-widget elementor-widget-heading\" data-id=\"3df2209\" data-element_type=\"widget\" data-widget_type=\"heading.default\">\n\t\t\t\t<div class=\"elementor-widget-container\">\n\t\t\t<h2 class=\"elementor-heading-title elementor-size-default\">Conhe\u00e7a mais sobre o<br> Dr. Matheus Vaz<\/h2>\t\t<\/div>\n\t\t\t\t<\/div>\n\t\t\t\t<\/div>\n\t\t<div class=\"elementor-element elementor-element-22805c3 e-con-full e-flex e-con e-child\" data-id=\"22805c3\" data-element_type=\"container\">\n\t\t\t\t<div class=\"elementor-element elementor-element-8e34ad1 elementor-widget-mobile__width-auto elementor-widget elementor-widget-video\" data-id=\"8e34ad1\" data-element_type=\"widget\" data-settings=\"{&quot;video_type&quot;:&quot;hosted&quot;,&quot;start&quot;:0,&quot;controls&quot;:&quot;yes&quot;}\" data-widget_type=\"video.default\">\n\t\t\t\t<div class=\"elementor-widget-container\">\n\t\t\t\t\t<div class=\"e-hosted-video elementor-wrapper elementor-open-inline\">\n\t\t\t\t\t<video class=\"elementor-video\" src=\"https:\/\/doutormatheusvaz.com\/wp-content\/uploads\/2024\/12\/IMG_3272.mov\" controls=\"\" preload=\"none\" controlsList=\"nodownload\" poster=\"https:\/\/doutormatheusvaz.com\/wp-content\/uploads\/2024\/12\/IMG_2460-scaled.jpg\"><\/video>\n\t\t\t\t<\/div>\n\t\t\t\t<\/div>\n\t\t\t\t<\/div>\n\t\t\t\t<\/div>\n\t\t\t\t\t<\/div>\n\t\t\t\t<\/div>\n\t\t\t\t<section class=\"elementor-section elementor-top-section elementor-element elementor-element-7afb6e1c elementor-section-boxed elementor-section-height-default elementor-section-height-default\" data-id=\"7afb6e1c\" data-element_type=\"section\" data-settings=\"{&quot;background_background&quot;:&quot;classic&quot;}\">\n\t\t\t\t\t\t<div class=\"elementor-container elementor-column-gap-default\">\n\t\t\t\t\t<div class=\"elementor-column elementor-col-100 elementor-top-column elementor-element elementor-element-5fd83b67\" data-id=\"5fd83b67\" data-element_type=\"column\">\n\t\t\t<div class=\"elementor-widget-wrap elementor-element-populated\">\n\t\t\t\t\t\t<div class=\"elementor-element elementor-element-6aa370b0 elementor-widget elementor-widget-heading\" data-id=\"6aa370b0\" data-element_type=\"widget\" data-widget_type=\"heading.default\">\n\t\t\t\t<div class=\"elementor-widget-container\">\n\t\t\t<h2 class=\"elementor-heading-title elementor-size-default\">Avalia\u00e7\u00f5es e Depoimentos<\/h2>\t\t<\/div>\n\t\t\t\t<\/div>\n\t\t\t\t<div class=\"elementor-element elementor-element-b060a93 elementor-widget elementor-widget-shortcode\" data-id=\"b060a93\" data-element_type=\"widget\" data-widget_type=\"shortcode.default\">\n\t\t\t\t<div class=\"elementor-widget-container\">\n\t\t\t\t\t<div class=\"elementor-shortcode\"><pre class=\"ti-widget\" style=\"display: none\"><div class=\"ti-widget ti-goog ti-review-text-mode-readmore ti-content-align-center\" data-no-translation=\"true\" data-layout-id=\"36\" data-set-id=\"light-background\" data-pid=\"\" data-pager-autoplay-timeout=\"6\" data-review-target-width=\"300\" data-language=\"pt\" > <div class=\"ti-widget-container ti-col-3\"> <div class=\"ti-reviews-container\"> <div class=\"ti-controls\"> <div class=\"ti-next\" aria-label=\"Pr\u00f3xima avalia\u00e7\u00e3o\" role=\"button\"><\/div> <div class=\"ti-prev\" aria-label=\"Avalia\u00e7\u00e3o anterior\" role=\"button\"><\/div> <\/div> <div class=\"ti-reviews-container-wrapper\">  <div data-empty=\"0\" class=\"ti-review-item source-Google ti-image-layout-thumbnail\" data-id=\"cfcd208495d565ef66e7dff9f98764da\" > <div class=\"ti-inner\"> <div class=\"ti-review-header\"> <div class=\"ti-profile-img\"> <img decoding=\"async\" src=\"https:\/\/lh3.googleusercontent.com\/a\/ACg8ocKDKJWRl4hJGGWNdf6Xtk5Toj0YGwNiXbDnWWABBVkV1-VoRA=s120-c-rp-mo-br100\" loading=\"lazy\" alt=\"sandro Bhz\" \/> <\/div> <div class=\"ti-profile-details\"> <div class=\"ti-name\"> sandro Bhz <\/div> <div class=\"ti-date\"><\/div> <\/div> <\/div> <span class=\"ti-stars\"><span class=\"ti-star f\"><\/span><span class=\"ti-star f\"><\/span><span class=\"ti-star f\"><\/span><span class=\"ti-star f\"><\/span><span class=\"ti-star f\"><\/span><\/span> <div class=\"ti-review-text-container ti-review-content\"><!-- R-CONTENT -->Excelente profissional. Muito atencioso e emp\u00e1tico. Tudo que se espera de um profissional da sa\u00fade .  Atendimento nota 10! Seu conhecimento na \u00e1rea de cannabis tem me ajudado demais! Parab\u00e9ns, dr Matheus!<!-- R-CONTENT --><\/div> <span class=\"ti-read-more\" data-container=\".ti-review-content\" data-collapse-text=\"Esconder\" data-open-text=\"Consulte Mais informa\u00e7\u00e3o\" ><\/span> <\/div> <\/div>  <div data-empty=\"0\" class=\"ti-review-item source-Google ti-image-layout-thumbnail\" data-id=\"cfcd208495d565ef66e7dff9f98764da\" > <div class=\"ti-inner\"> <div class=\"ti-review-header\"> <div class=\"ti-profile-img\"> <img decoding=\"async\" src=\"https:\/\/lh3.googleusercontent.com\/a\/ACg8ocIZby6YcX4C6CuDUC3k7JAi_HeFo6aJABArd69It5G0aEqzhg=s120-c-rp-mo-br100\" loading=\"lazy\" alt=\"sueli braga\" \/> <\/div> <div class=\"ti-profile-details\"> <div class=\"ti-name\"> sueli braga <\/div> <div class=\"ti-date\"><\/div> <\/div> <\/div> <span class=\"ti-stars\"><span class=\"ti-star f\"><\/span><span class=\"ti-star f\"><\/span><span class=\"ti-star f\"><\/span><span class=\"ti-star f\"><\/span><span class=\"ti-star f\"><\/span><\/span> <div class=\"ti-review-text-container ti-review-content\"><!-- R-CONTENT -->Um profissional de excel\u00eancia, atencioso, gentil, cuidadoso, atento , minha sa\u00fade mudou para muito melhor depois de come\u00e7ar a ser atendida por ele.\n\nS\u00f3 tenho a agradecer \ud83d\ude4c\ud83d\ude10<!-- R-CONTENT --><\/div> <span class=\"ti-read-more\" data-container=\".ti-review-content\" data-collapse-text=\"Esconder\" data-open-text=\"Consulte Mais informa\u00e7\u00e3o\" ><\/span> <\/div> <\/div>  <div data-empty=\"0\" class=\"ti-review-item source-Google ti-image-layout-thumbnail\" data-id=\"cfcd208495d565ef66e7dff9f98764da\" > <div class=\"ti-inner\"> <div class=\"ti-review-header\"> <div class=\"ti-profile-img\"> <img decoding=\"async\" src=\"https:\/\/lh3.googleusercontent.com\/a-\/ALV-UjWnrbDsF0ApGqcP42L-tSQMZNxKlWdW4tb1rXS8aCMnZ1GHA_4J=s120-c-rp-mo-ba3-br100\" loading=\"lazy\" alt=\"Mara Lemos\" \/> <\/div> <div class=\"ti-profile-details\"> <div class=\"ti-name\"> Mara Lemos <\/div> <div class=\"ti-date\"><\/div> <\/div> <\/div> <span class=\"ti-stars\"><span class=\"ti-star f\"><\/span><span class=\"ti-star f\"><\/span><span class=\"ti-star f\"><\/span><span class=\"ti-star f\"><\/span><span class=\"ti-star f\"><\/span><\/span> <div class=\"ti-review-text-container ti-review-content\"><!-- R-CONTENT -->Ademais de excelente m\u00e9dico e super profissional, Dr Matheus faz seu trabalho com amor e dedica\u00e7\u00e3o. Suas consultas s\u00e3o detalhadas,  envolvendo toda a fam\u00edlia, nos passa muita seguran\u00e7a e nos faz sentir acolhido perante situa\u00e7\u00f5es que n\u00f3s familiares ficamos perdidos. Obrigado por todo apoio, por todas as vezes que respondeu nossas mensagens e parab\u00e9ns pelo seu trabalho e humaniza\u00e7\u00e3o no seu atendimento. \ud83d\ude4f\u2764\ufe0f<!-- R-CONTENT --><\/div> <span class=\"ti-read-more\" data-container=\".ti-review-content\" data-collapse-text=\"Esconder\" data-open-text=\"Consulte Mais informa\u00e7\u00e3o\" ><\/span> <\/div> <\/div>  <div data-empty=\"0\" class=\"ti-review-item source-Google ti-image-layout-thumbnail\" data-id=\"cfcd208495d565ef66e7dff9f98764da\" > <div class=\"ti-inner\"> <div class=\"ti-review-header\"> <div class=\"ti-profile-img\"> <img decoding=\"async\" src=\"https:\/\/lh3.googleusercontent.com\/a-\/ALV-UjV1YtjtSOlP0Yr_yukSf3iZZpfJ7RmSKgBTF-R0jO1neaSs4Hlf3A=s120-c-rp-mo-br100\" loading=\"lazy\" alt=\"Wayne Fran\u00e7a\" \/> <\/div> <div class=\"ti-profile-details\"> <div class=\"ti-name\"> Wayne Fran\u00e7a <\/div> <div class=\"ti-date\"><\/div> <\/div> <\/div> <span class=\"ti-stars\"><span class=\"ti-star f\"><\/span><span class=\"ti-star f\"><\/span><span class=\"ti-star f\"><\/span><span class=\"ti-star f\"><\/span><span class=\"ti-star f\"><\/span><\/span> <div class=\"ti-review-text-container ti-review-content\"><!-- R-CONTENT -->M\u00e9dico muito atencioso e com excelente conhecimento na \u00e1rea! Pontual tamb\u00e9m!<!-- R-CONTENT --><\/div> <span class=\"ti-read-more\" data-container=\".ti-review-content\" data-collapse-text=\"Esconder\" data-open-text=\"Consulte Mais informa\u00e7\u00e3o\" ><\/span> <\/div> <\/div>  <div data-empty=\"0\" class=\"ti-review-item source-Google ti-image-layout-thumbnail\" data-id=\"cfcd208495d565ef66e7dff9f98764da\" > <div class=\"ti-inner\"> <div class=\"ti-review-header\"> <div class=\"ti-profile-img\"> <img decoding=\"async\" src=\"https:\/\/lh3.googleusercontent.com\/a-\/ALV-UjVI_zKBqDGn3sUa3g1mn0-BKffJDjGy31Y8ThjKrypE4vr-BWH3=s120-c-rp-mo-br100\" loading=\"lazy\" alt=\"Jo\u00e3o Victor Gomes da Fonseca\" \/> <\/div> <div class=\"ti-profile-details\"> <div class=\"ti-name\"> Jo\u00e3o Victor Gomes da Fonseca <\/div> <div class=\"ti-date\"><\/div> <\/div> <\/div> <span class=\"ti-stars\"><span class=\"ti-star f\"><\/span><span class=\"ti-star f\"><\/span><span class=\"ti-star f\"><\/span><span class=\"ti-star f\"><\/span><span class=\"ti-star f\"><\/span><\/span> <div class=\"ti-review-text-container ti-review-content\"><!-- R-CONTENT -->N\u00e3o demonstra ter apenas o conhecimento sobre o tratamento camabidiol, mas sobre pessoas. Excelente consulta<!-- R-CONTENT --><\/div> <span class=\"ti-read-more\" data-container=\".ti-review-content\" data-collapse-text=\"Esconder\" data-open-text=\"Consulte Mais informa\u00e7\u00e3o\" ><\/span> <\/div> <\/div>  <div data-empty=\"0\" class=\"ti-review-item source-Google ti-image-layout-thumbnail\" data-id=\"cfcd208495d565ef66e7dff9f98764da\" > <div class=\"ti-inner\"> <div class=\"ti-review-header\"> <div class=\"ti-profile-img\"> <img decoding=\"async\" src=\"https:\/\/lh3.googleusercontent.com\/a-\/ALV-UjVlnNWeb31f9MhtHebJWUOpy5TxaYM6VG7pa3v04LLi9ahed4jV=s120-c-rp-mo-br100\" loading=\"lazy\" alt=\"Jos\u00e9 Ferreira Pires J\u00fanior\" \/> <\/div> <div class=\"ti-profile-details\"> <div class=\"ti-name\"> Jos\u00e9 Ferreira Pires J\u00fanior <\/div> <div class=\"ti-date\"><\/div> <\/div> <\/div> <span class=\"ti-stars\"><span class=\"ti-star f\"><\/span><span class=\"ti-star f\"><\/span><span class=\"ti-star f\"><\/span><span class=\"ti-star f\"><\/span><span class=\"ti-star f\"><\/span><\/span> <div class=\"ti-review-text-container ti-review-content\"><!-- R-CONTENT -->Excelente atendimento, consulta detalhada e humanizada. Gostei muito.<!-- R-CONTENT --><\/div> <span class=\"ti-read-more\" data-container=\".ti-review-content\" data-collapse-text=\"Esconder\" data-open-text=\"Consulte Mais informa\u00e7\u00e3o\" ><\/span> <\/div> <\/div>  <div data-empty=\"0\" class=\"ti-review-item source-Google ti-image-layout-thumbnail\" data-id=\"cfcd208495d565ef66e7dff9f98764da\" > <div class=\"ti-inner\"> <div class=\"ti-review-header\"> <div class=\"ti-profile-img\"> <img decoding=\"async\" src=\"https:\/\/lh3.googleusercontent.com\/a\/ACg8ocKP0XS3GhbXZvLL8G10NNLcI3eN45Yl7avQ-GKl9LuSYAziaw=s120-c-rp-mo-br100\" loading=\"lazy\" alt=\"ALLAN Mour\u00e3o\" \/> <\/div> <div class=\"ti-profile-details\"> <div class=\"ti-name\"> ALLAN Mour\u00e3o <\/div> <div class=\"ti-date\"><\/div> <\/div> <\/div> <span class=\"ti-stars\"><span class=\"ti-star f\"><\/span><span class=\"ti-star f\"><\/span><span class=\"ti-star f\"><\/span><span class=\"ti-star f\"><\/span><span class=\"ti-star f\"><\/span><\/span> <div class=\"ti-review-text-container ti-review-content\"><!-- R-CONTENT -->Atencioso e educado! Esclareceu todas as minhas duvidas, recomendo esse profissional!<!-- R-CONTENT --><\/div> <span class=\"ti-read-more\" data-container=\".ti-review-content\" data-collapse-text=\"Esconder\" data-open-text=\"Consulte Mais informa\u00e7\u00e3o\" ><\/span> <\/div> <\/div>  <\/div> <div class=\"ti-controls-line\"> <div class=\"dot\"><\/div> <\/div> <\/div>   <\/div> <\/div> <\/pre><\/div>\n\t\t\t\t<\/div>\n\t\t\t\t<\/div>\n\t\t\t\t\t<\/div>\n\t\t<\/div>\n\t\t\t\t\t<\/div>\n\t\t<\/section>\n\t\t<div class=\"elementor-element elementor-element-efa389f e-flex e-con-boxed e-con e-parent\" data-id=\"efa389f\" data-element_type=\"container\">\n\t\t\t\t\t<div class=\"e-con-inner\">\n\t\t\t\t<div class=\"elementor-element elementor-element-825c621 elementor-widget elementor-widget-html\" data-id=\"825c621\" data-element_type=\"widget\" data-widget_type=\"html.default\">\n\t\t\t\t<div class=\"elementor-widget-container\">\n\t\t\t<!-- Event snippet for Contato conversion page -->\n<script>\n  gtag('event', 'conversion', {'send_to': 'AW-11252252259\/qNvLCJSdtvkYEOP8vvUp'});\n<\/script>\n\t\t<\/div>\n\t\t\t\t<\/div>\n\t\t\t\t\t<\/div>\n\t\t\t\t<\/div>\n\t\t\t\t<\/div>\n\t\t","protected":false},"excerpt":{"rendered":"<p>Doutor Matheus Vaz CRM-MG: 83448 Atendimento M\u00e9dico Online para Avalia\u00e7\u00e3o de Transtorno do Espectro Autista (TEA) em Adultos Atendimento humanizado, com foco na avalia\u00e7\u00e3o integral da sua sa\u00fade. Meu objetivo \u00e9 ajud\u00e1-lo a compreender seus sintomas, realizar um diagn\u00f3stico preciso do TEA e emitir o laudo m\u00e9dico. Agende uma Consulta Online Conhe\u00e7a mais sobre o [&hellip;]<\/p>\n","protected":false},"author":1,"featured_media":53,"parent":0,"menu_order":0,"comment_status":"closed","ping_status":"closed","template":"elementor_canvas","meta":{"footnotes":""},"class_list":["post-8","page","type-page","status-publish","has-post-thumbnail","hentry"],"_links":{"self":[{"href":"https:\/\/doutormatheusvaz.com\/index.php\/wp-json\/wp\/v2\/pages\/8","targetHints":{"allow":["GET"]}}],"collection":[{"href":"https:\/\/doutormatheusvaz.com\/index.php\/wp-json\/wp\/v2\/pages"}],"about":[{"href":"https:\/\/doutormatheusvaz.com\/index.php\/wp-json\/wp\/v2\/types\/page"}],"author":[{"embeddable":true,"href":"https:\/\/doutormatheusvaz.com\/index.php\/wp-json\/wp\/v2\/users\/1"}],"replies":[{"embeddable":true,"href":"https:\/\/doutormatheusvaz.com\/index.php\/wp-json\/wp\/v2\/comments?post=8"}],"version-history":[{"count":461,"href":"https:\/\/doutormatheusvaz.com\/index.php\/wp-json\/wp\/v2\/pages\/8\/revisions"}],"predecessor-version":[{"id":590,"href":"https:\/\/doutormatheusvaz.com\/index.php\/wp-json\/wp\/v2\/pages\/8\/revisions\/590"}],"wp:featuredmedia":[{"embeddable":true,"href":"https:\/\/doutormatheusvaz.com\/index.php\/wp-json\/wp\/v2\/media\/53"}],"wp:attachment":[{"href":"https:\/\/doutormatheusvaz.com\/index.php\/wp-json\/wp\/v2\/media?parent=8"}],"curies":[{"name":"wp","href":"https:\/\/api.w.org\/{rel}","templated":true}]}}